{"id":1042,"date":"2022-05-19T09:50:33","date_gmt":"2022-05-19T07:50:33","guid":{"rendered":"https:\/\/krkglamping.com\/guest-reviews\/"},"modified":"2025-11-07T08:31:06","modified_gmt":"2025-11-07T07:31:06","slug":"guest-reviews","status":"publish","type":"page","link":"https:\/\/krkglamping.com\/de\/guest-reviews\/","title":{"rendered":"Guest Reviews"},"content":{"rendered":"<div class=\"wpb-content-wrapper\"><p>[vc_row][vc_column]<div id=\"cz_47610\" class=\"cz_47610 cz_title clr cz_title_pos_inline\"><div class=\"cz_title_content\"><div class=\"cz_wpe_content\"><h2>GUEST REVIEWS<\/h2>\n<\/div><\/div><\/div>[\/vc_column][\/vc_row][vc_row][vc_column width=&#8220;1\/3&#8243;]<div id=\"cz_11196\" class=\"cz_11196 cz_testimonials cz_testimonials_s6\"><div class=\"cz_testimonials_content\"><div class=\"cz_testimonials_meta\"><div class=\"cz_testimonials_avatar\"><img decoding=\"async\" src=\"data:image\/svg+xml,%3Csvg%20xmlns%3D&#39;http%3A%2F%2Fwww.w3.org%2F2000%2Fsvg&#39;%20width=&#39;500&#39;%20height=&#39;500&#39;%20viewBox%3D&#39;0%200%20500%20500&#39;%2F%3E\" data-czlz data-src=\"https:\/\/xtratheme.com\/img\/80x80.jpg\" class=\"\" width=\"500\" height=\"500\" alt=\"image\" \/><\/div><div class=\"cz_testimonials_name_subname\"><div class=\"cz_testimonials_name\">Niels<\/div><div class=\"cz_testimonials_subname\">Nederland<\/div><\/div><\/div><div class=\"cz_wpe_content\"><div style=\"line-height: 1.3;\"><span style=\"font-size: 15px;\">De tent is van alle gemakken voorzien. Naast het eigen zwembad ook een vaatwasser en airco! De tenten staan ver uit elkaar dus heb je ook veel privacy. Robert is een super goede gastheer met overal tips en hulp voor. Er is een mogelijkheid om te bbqen en bij aankomst staan er 2 koude biertjes in je koelkast! De glamping village is zeker een aanrader!<\/span><\/div>\n<\/div><\/div><\/div>[\/vc_column][vc_column width=&#8220;1\/3&#8243;]<div id=\"cz_105385\" class=\"cz_105385 cz_testimonials cz_testimonials_s6\"><div class=\"cz_testimonials_content\"><div class=\"cz_testimonials_meta\"><div class=\"cz_testimonials_avatar\"><img decoding=\"async\" src=\"data:image\/svg+xml,%3Csvg%20xmlns%3D&#39;http%3A%2F%2Fwww.w3.org%2F2000%2Fsvg&#39;%20width=&#39;500&#39;%20height=&#39;500&#39;%20viewBox%3D&#39;0%200%20500%20500&#39;%2F%3E\" data-czlz data-src=\"https:\/\/xtratheme.com\/img\/80x80.jpg\" class=\"\" width=\"500\" height=\"500\" alt=\"image\" \/><\/div><div class=\"cz_testimonials_name_subname\"><div class=\"cz_testimonials_name\">Flavia<\/div><div class=\"cz_testimonials_subname\">Svizzera\/Schweiz\/Suisse<\/div><\/div><\/div><div class=\"cz_wpe_content\"><div style=\"line-height: 1.3;\"><span style=\"font-size: 15px;\">Un\u2019esperienza unica! Il posto bellissimo in mezzo al verde in una struttura perfetta che non fa mancare niente, con Robert sempre disponibile per qualsiasi esigenza e consiglio. Eravamo in tanti e abbiamo preso quella pi\u00f9 grande, con la piscina, una favola! Bambini contenti e genitori rilassati. Tutto perfetto!<br \/>\nGrazie e ci ritorneremo sicuro!<\/span><\/div>\n<\/div><\/div><\/div>[\/vc_column][vc_column width=&#8220;1\/3&#8243;]<div id=\"cz_67539\" class=\"cz_67539 cz_testimonials cz_testimonials_s6\"><div class=\"cz_testimonials_content\"><div class=\"cz_testimonials_meta\"><div class=\"cz_testimonials_avatar\"><img decoding=\"async\" src=\"data:image\/svg+xml,%3Csvg%20xmlns%3D&#39;http%3A%2F%2Fwww.w3.org%2F2000%2Fsvg&#39;%20width=&#39;500&#39;%20height=&#39;500&#39;%20viewBox%3D&#39;0%200%20500%20500&#39;%2F%3E\" data-czlz data-src=\"https:\/\/xtratheme.com\/img\/80x80.jpg\" class=\"\" width=\"500\" height=\"500\" alt=\"image\" \/><\/div><div class=\"cz_testimonials_name_subname\"><div class=\"cz_testimonials_name\">Bert<\/div><div class=\"cz_testimonials_subname\">Nederland<\/div><\/div><\/div><div class=\"cz_wpe_content\"><div style=\"line-height: 1.3;\"><span style=\"font-size: 15px;\">This brand new Glamping Village has given us the best glamping expirience. Very nice location in the middle of olive trees and own swimming pool! Robert and his team are very nice and helpfull people. Thanks so much and see you next time! <\/span><\/div>\n<\/div><\/div><\/div>[\/vc_column][\/vc_row][vc_row][vc_column width=&#8220;1\/3&#8243;]<div id=\"cz_62698\" class=\"cz_62698 cz_testimonials cz_testimonials_s6\"><div class=\"cz_testimonials_content\"><div class=\"cz_testimonials_meta\"><div class=\"cz_testimonials_avatar\"><img decoding=\"async\" src=\"data:image\/svg+xml,%3Csvg%20xmlns%3D&#39;http%3A%2F%2Fwww.w3.org%2F2000%2Fsvg&#39;%20width=&#39;500&#39;%20height=&#39;500&#39;%20viewBox%3D&#39;0%200%20500%20500&#39;%2F%3E\" data-czlz data-src=\"https:\/\/xtratheme.com\/img\/80x80.jpg\" class=\"\" width=\"500\" height=\"500\" alt=\"image\" \/><\/div><div class=\"cz_testimonials_name_subname\"><div class=\"cz_testimonials_name\">Pieter<\/div><div class=\"cz_testimonials_subname\">Belgi\u00eb\/Belgique<\/div><\/div><\/div><div class=\"cz_wpe_content\"><div style=\"line-height: 1.3;\"><span style=\"font-size: 15px;\">Mooie en verzorgde tenten in een oase van rust. Super behulpzame eigenaar. Een aanrader !<\/span><\/div>\n<\/div><\/div><\/div>[\/vc_column][vc_column width=&#8220;1\/3&#8243;]<div id=\"cz_101616\" class=\"cz_101616 cz_testimonials cz_testimonials_s6\"><div class=\"cz_testimonials_content\"><div class=\"cz_testimonials_meta\"><div class=\"cz_testimonials_avatar\"><img decoding=\"async\" src=\"data:image\/svg+xml,%3Csvg%20xmlns%3D&#39;http%3A%2F%2Fwww.w3.org%2F2000%2Fsvg&#39;%20width=&#39;500&#39;%20height=&#39;500&#39;%20viewBox%3D&#39;0%200%20500%20500&#39;%2F%3E\" data-czlz data-src=\"https:\/\/xtratheme.com\/img\/80x80.jpg\" class=\"\" width=\"500\" height=\"500\" alt=\"image\" \/><\/div><div class=\"cz_testimonials_name_subname\"><div class=\"cz_testimonials_name\">Margareth<\/div><div class=\"cz_testimonials_subname\">UK<\/div><\/div><\/div><div class=\"cz_wpe_content\"><div style=\"line-height: 1.3;\"><span style=\"font-size: 15px;\">Our first trip to the island of KrK, to find this little gem was just amazing.<\/span><\/div>\n<\/div><\/div><\/div>[\/vc_column][vc_column width=&#8220;1\/3&#8243;]<div id=\"cz_51237\" class=\"cz_51237 cz_testimonials cz_testimonials_s6\"><div class=\"cz_testimonials_content\"><div class=\"cz_testimonials_meta\"><div class=\"cz_testimonials_avatar\"><img decoding=\"async\" src=\"data:image\/svg+xml,%3Csvg%20xmlns%3D&#39;http%3A%2F%2Fwww.w3.org%2F2000%2Fsvg&#39;%20width=&#39;500&#39;%20height=&#39;500&#39;%20viewBox%3D&#39;0%200%20500%20500&#39;%2F%3E\" data-czlz data-src=\"https:\/\/xtratheme.com\/img\/80x80.jpg\" class=\"\" width=\"500\" height=\"500\" alt=\"image\" \/><\/div><div class=\"cz_testimonials_name_subname\"><div class=\"cz_testimonials_name\">Marc<\/div><div class=\"cz_testimonials_subname\">Nederland<\/div><\/div><\/div><div class=\"cz_wpe_content\"><div style=\"line-height: 1.3;\"><span style=\"font-size: 15px;\">Simpelweg fantastisch! We zijn hier 8 dagen geweest en we vonden het geweldig! <\/span><\/div>\n<\/div><\/div><\/div>[\/vc_column][\/vc_row][vc_row][vc_column width=&#8220;1\/3&#8243;]<div id=\"cz_73411\" class=\"cz_73411 cz_testimonials cz_testimonials_s6\"><div class=\"cz_testimonials_content\"><div class=\"cz_testimonials_meta\"><div class=\"cz_testimonials_avatar\"><img decoding=\"async\" src=\"data:image\/svg+xml,%3Csvg%20xmlns%3D&#39;http%3A%2F%2Fwww.w3.org%2F2000%2Fsvg&#39;%20width=&#39;500&#39;%20height=&#39;500&#39;%20viewBox%3D&#39;0%200%20500%20500&#39;%2F%3E\" data-czlz data-src=\"https:\/\/xtratheme.com\/img\/80x80.jpg\" class=\"\" width=\"500\" height=\"500\" alt=\"image\" \/><\/div><div class=\"cz_testimonials_name_subname\"><div class=\"cz_testimonials_name\">Christiane<\/div><div class=\"cz_testimonials_subname\">Deutschland<\/div><\/div><\/div><div class=\"cz_wpe_content\"><div style=\"line-height: 1.3;\">\n<div style=\"line-height: 1.3;\"><span style=\"font-size: 15px;\">Sehr tolles Zeltdorf, einwandfrei umgesetzt, himmlisch ruhig, mit ganz tollem Service. Vielen Dank, wir kommen sehr gerne wieder.<\/span><\/div>\n<\/div>\n<\/div><\/div><\/div>[\/vc_column][vc_column width=&#8220;1\/3&#8243;]<div id=\"cz_41491\" class=\"cz_41491 cz_testimonials cz_testimonials_s6\"><div class=\"cz_testimonials_content\"><div class=\"cz_testimonials_meta\"><div class=\"cz_testimonials_avatar\"><img decoding=\"async\" src=\"data:image\/svg+xml,%3Csvg%20xmlns%3D&#39;http%3A%2F%2Fwww.w3.org%2F2000%2Fsvg&#39;%20width=&#39;500&#39;%20height=&#39;500&#39;%20viewBox%3D&#39;0%200%20500%20500&#39;%2F%3E\" data-czlz data-src=\"https:\/\/xtratheme.com\/img\/80x80.jpg\" class=\"\" width=\"500\" height=\"500\" alt=\"image\" \/><\/div><div class=\"cz_testimonials_name_subname\"><div class=\"cz_testimonials_name\">Valentina<\/div><div class=\"cz_testimonials_subname\">Italia<\/div><\/div><\/div><div class=\"cz_wpe_content\"><div style=\"line-height: 1.3;\"><span style=\"font-size: 15px;\">Fantastica esperienza, posto fantastico pulito confortevole, massima disponibilit\u00e0 e accoglienza <\/span><\/div>\n<\/div><\/div><\/div>[\/vc_column][vc_column width=&#8220;1\/3&#8243;]<div id=\"cz_96972\" class=\"cz_96972 cz_testimonials cz_testimonials_s6\"><div class=\"cz_testimonials_content\"><div class=\"cz_testimonials_meta\"><div class=\"cz_testimonials_avatar\"><img decoding=\"async\" src=\"data:image\/svg+xml,%3Csvg%20xmlns%3D&#39;http%3A%2F%2Fwww.w3.org%2F2000%2Fsvg&#39;%20width=&#39;500&#39;%20height=&#39;500&#39;%20viewBox%3D&#39;0%200%20500%20500&#39;%2F%3E\" data-czlz data-src=\"https:\/\/xtratheme.com\/img\/80x80.jpg\" class=\"\" width=\"500\" height=\"500\" alt=\"image\" \/><\/div><div class=\"cz_testimonials_name_subname\"><div class=\"cz_testimonials_name\">Paolo<\/div><div class=\"cz_testimonials_subname\">Italia<\/div><\/div><\/div><div class=\"cz_wpe_content\"><div style=\"line-height: 1.3;\">\n<p><span style=\"font-size: 15px;\">Campeggio piccolo ma attrezzato e molto bello, servizi buoni e il titolare molto gentile e pronto a soddisfare tutte le richieste e le necessit\u00e0!! \u00c8 sicuramente un posto dove torner\u00f2\u2026.<\/span><\/p>\n<p>&nbsp;<\/p>\n<\/div>\n<\/div><\/div><\/div>[\/vc_column][\/vc_row][vc_row][vc_column]<div class=\"cz_gap clr \" style=\"height: 100px\"><\/div>[\/vc_column][\/vc_row]<\/p>\n<\/div>","protected":false},"excerpt":{"rendered":"<p>[vc_row][vc_column][\/vc_column][\/vc_row][vc_row][vc_column width=&#8220;1\/3&#8243;][\/vc_column][vc_column width=&#8220;1\/3&#8243;][\/vc_column][vc_column width=&#8220;1\/3&#8243;][\/vc_column][\/vc_row][vc_row][vc_column width=&#8220;1\/3&#8243;][\/vc_column][vc_column width=&#8220;1\/3&#8243;][\/vc_column][vc_column width=&#8220;1\/3&#8243;][\/vc_column][\/vc_row][vc_row][vc_column width=&#8220;1\/3&#8243;][\/vc_column][vc_column width=&#8220;1\/3&#8243;][\/vc_column][vc_column width=&#8220;1\/3&#8243;][\/vc_column][\/vc_row][vc_row][vc_column][\/vc_column][\/vc_row] &#8230; <\/p>\n","protected":false},"author":1,"featured_media":0,"parent":0,"menu_order":0,"comment_status":"closed","ping_status":"closed","template":"","meta":{"inline_featured_image":false,"footnotes":""},"class_list":["post-1042","page","type-page","status-publish","hentry"],"_links":{"self":[{"href":"https:\/\/krkglamping.com\/de\/wp-json\/wp\/v2\/pages\/1042","targetHints":{"allow":["GET"]}}],"collection":[{"href":"https:\/\/krkglamping.com\/de\/wp-json\/wp\/v2\/pages"}],"about":[{"href":"https:\/\/krkglamping.com\/de\/wp-json\/wp\/v2\/types\/page"}],"author":[{"embeddable":true,"href":"https:\/\/krkglamping.com\/de\/wp-json\/wp\/v2\/users\/1"}],"replies":[{"embeddable":true,"href":"https:\/\/krkglamping.com\/de\/wp-json\/wp\/v2\/comments?post=1042"}],"version-history":[{"count":1,"href":"https:\/\/krkglamping.com\/de\/wp-json\/wp\/v2\/pages\/1042\/revisions"}],"predecessor-version":[{"id":1044,"href":"https:\/\/krkglamping.com\/de\/wp-json\/wp\/v2\/pages\/1042\/revisions\/1044"}],"wp:attachment":[{"href":"https:\/\/krkglamping.com\/de\/wp-json\/wp\/v2\/media?parent=1042"}],"curies":[{"name":"wp","href":"https:\/\/api.w.org\/{rel}","templated":true}]}}