{"id":772,"date":"2022-05-19T06:24:09","date_gmt":"2022-05-19T04:24:09","guid":{"rendered":"https:\/\/krkglamping.com\/home\/"},"modified":"2025-11-07T08:23:24","modified_gmt":"2025-11-07T07:23:24","slug":"home","status":"publish","type":"page","link":"https:\/\/krkglamping.com\/de\/","title":{"rendered":"Home"},"content":{"rendered":"<div class=\"wpb-content-wrapper\"><p>[vc_row content_placement=&#8220;middle&#8220; el_class=&#8220;home_search_book&#8220;][vc_column el_class=&#8220;home_booking&#8220; css=&#8220;.vc_custom_1652958480296{margin-bottom: 0px !important;}&#8220;][vc_column_text css=&#8220;.vc_custom_1652958491902{margin-bottom: 0px !important;}&#8220;][\/vc_column_text][\/vc_column][\/vc_row][vc_row content_placement=&#8220;middle&#8220; css=&#8220;.vc_custom_1652959566431{margin-top: 75px !important;}&#8220;][vc_column width=&#8220;1\/6&#8243;][\/vc_column][vc_column width=&#8220;2\/3&#8243;]<div id=\"cz_92269\" class=\"cz_92269 cz_title clr cz_title_pos_inline tac\"><div class=\"cz_title_content\"><div class=\"cz_wpe_content\"><h1 class=\"widget-heading\" style=\"text-align: center;\">WELCOME TO THE<br \/>\n<em>Krk Glamping village<\/em><\/h1>\n<\/div><\/div><\/div>[vc_column_text]<\/p>\n<p class=\"vc_custom_heading vc_custom_1521207248082\" style=\"text-align: center;\">The village offers the perfect setting for the holidays in the Mediterranean nature,<br \/>\nwithout having to sacrifice comforts.<br \/>\nRelax, enjoy and feel with all the senses in the glamping village located on Krk island \u2013 Golden island.[\/vc_column_text][\/vc_column][vc_column width=&#8220;1\/6&#8243;][\/vc_column][\/vc_row][vc_row][vc_column][\/vc_column][\/vc_row][vc_row][vc_column]<div class=\"cz_gap clr  hide_on_tablet hide_on_mobile\" style=\"height: 75px\"><\/div><div class=\"cz_gap show_on_tablet clr  show_only_tablet\" style=\"height: 55px\"><\/div><div class=\"cz_gap show_on_mobile clr\" style=\"height: 35px\"><\/div>[\/vc_column][\/vc_row][vc_row full_width=&#8220;stretch_row_content&#8220; equal_height=&#8220;yes&#8220; content_placement=&#8220;middle&#8220;][vc_column width=&#8220;1\/2&#8243; el_class=&#8220;acc_info&#8220; offset=&#8220;vc_col-lg-offset-1 vc_col-lg-4 vc_col-md-offset-1 vc_col-md-4 vc_col-sm-offset-0 vc_col-xs-12&#8243;]<div id=\"cz_103750\" class=\"cz_103750 cz_title clr cz_title_pos_inline\"><a href=\"https:\/\/krkglamping.com\/hb_accommodation\/lavender-lounge-tent\/\" title=\"Lavender lounge tent\"><div class=\"cz_title_content\"><div class=\"cz_wpe_content\"><h2>Lavender lounge tent<\/h2>\n<\/div><\/div><\/a><\/div>[vc_column_text css=&#8220;.vc_custom_1654758404746{margin-top: 0px !important;margin-bottom: 0px !important;}&#8220;]Luxurious accommodation in a tent that includes two rooms \u2013 one with double bed, another with one bunk-bed and one single bed. If needed, additional person can sleep on the comfortable sofa, situated in the living area of the tent. Bedsheets and towels are provided. Tents are equipped with a large bathroom (shower, sink, toilet), fully furnished kitchen (dishwasher, fridge, microwave) and all the other requisites you need for complete comfort. Each tent has a satellite TV and free Wi-Fi.[\/vc_column_text]<ul id=\"cz_11358\" class=\"cz_11358 cz_stylish_list clr cz_sl_icon_hover_zoom_in\"><li class=\"clr\"><div class=\"cz_sl_icon\"><i class=\"fas fa-bed mr10\"><\/i><\/div><div><span>Bed<small>4<\/small><\/span><\/div><\/li><li class=\"clr\"><div class=\"cz_sl_icon\"><i class=\"fa czico-096-user-shape mr10\"><\/i><\/div><div><span>People<small>5<\/small><\/span><\/div><\/li><li class=\"clr\"><div class=\"cz_sl_icon\"><i class=\"fa czico-010-expand mr10\"><\/i><\/div><div><span>35m2 + 15m2<\/span><\/div><\/li><\/ul><div class=\"\"><div class=\"cz_39655_p\"><a id=\"cz_39655\" class=\"cz_39655 cz_btn cz_btn_txt_no_fx cz_btn_no_fx cz_mobile_btn_center\" href=\"https:\/\/krkglamping.com\/hb_accommodation\/lavender-lounge-tent\/\"><span><strong>Learn more<\/strong><\/span><b class=\"cz_btn_onhover\"><strong>Learn more<\/strong><\/b><\/a><\/div><\/div>[\/vc_column][vc_column width=&#8220;1\/2&#8243; css=&#8220;.vc_custom_1719645236651{background-image: url(https:\/\/krkglamping.com\/wp-content\/uploads\/2024\/06\/BRU_1483-Edit-1.jpg?id=700) !important;background-position: center !important;background-repeat: no-repeat !important;background-size: cover !important;}&#8220; offset=&#8220;vc_col-lg-7 vc_col-md-7 vc_col-xs-12&#8243;]<div class=\"cz_gap clr  hide_on_tablet hide_on_mobile\" style=\"height: 600px\"><\/div><div class=\"cz_gap show_on_tablet clr  show_only_tablet\" style=\"height: 500px\"><\/div><div class=\"cz_gap show_on_mobile clr\" style=\"height: 400px\"><\/div>[\/vc_column][vc_column]<div class=\"cz_gap clr  hide_on_tablet hide_on_mobile\" style=\"height: 75px\"><\/div><div class=\"cz_gap show_on_tablet clr  show_only_tablet\" style=\"height: 55px\"><\/div><div class=\"cz_gap show_on_mobile clr\" style=\"height: 35px\"><\/div>[\/vc_column][\/vc_row][vc_row full_width=&#8220;stretch_row_content&#8220; equal_height=&#8220;yes&#8220; content_placement=&#8220;middle&#8220;][vc_column width=&#8220;1\/2&#8243; css=&#8220;.vc_custom_1719645265300{background-image: url(https:\/\/krkglamping.com\/wp-content\/uploads\/2024\/06\/BRU_1581-Edit-1.jpg?id=701) !important;background-position: center !important;background-repeat: no-repeat !important;background-size: cover !important;}&#8220; offset=&#8220;vc_col-lg-7 vc_col-md-7 vc_col-sm-offset-0 vc_col-xs-12&#8243;]<div class=\"cz_gap clr  hide_on_tablet hide_on_mobile\" style=\"height: 400px\"><\/div><div class=\"cz_gap show_on_tablet clr  show_only_tablet\" style=\"height: 300px\"><\/div><div class=\"cz_gap show_on_mobile clr\" style=\"height: 200px\"><\/div>[\/vc_column][vc_column width=&#8220;1\/2&#8243; el_class=&#8220;acc_info&#8220; offset=&#8220;vc_col-lg-4 vc_col-md-4 vc_col-xs-12&#8243;]<div id=\"cz_101305\" class=\"cz_101305 cz_title clr cz_title_pos_inline\"><a href=\"https:\/\/krkglamping.com\/hb_accommodation\/rosemary-lounge-tent\/\" title=\"Rosemary lounge tent\"><div class=\"cz_title_content\"><div class=\"cz_wpe_content\"><h2>Rosemary lounge tent<\/h2>\n<\/div><\/div><\/a><\/div>[vc_column_text css=&#8220;.vc_custom_1654758419598{margin-top: 0px !important;margin-bottom: 0px !important;}&#8220;]Luxurious accommodation in a tent that includes two rooms \u2013 one with double bed, another with bunk-bed. If needed, additional person can sleep on the comfortable sofa, situated in the living area of the tent. Bedsheets and towels are provided. Tents are equipped with a large bathroom (shower, sink, toilet), fully furnished kitchen (dishwasher, fridge, microwave) and all the other requisites you need for complete comfort. Each tent has a satellite TV and free Wi-Fi.[\/vc_column_text]<ul id=\"cz_98547\" class=\"cz_98547 cz_stylish_list clr cz_sl_icon_hover_zoom_in\"><li class=\"clr\"><div class=\"cz_sl_icon\"><i class=\"fas fa-bed mr10\"><\/i><\/div><div><span>Bed<small>3<\/small><\/span><\/div><\/li><li class=\"clr\"><div class=\"cz_sl_icon\"><i class=\"fa czico-096-user-shape mr10\"><\/i><\/div><div><span>People<small>4<\/small><\/span><\/div><\/li><li class=\"clr\"><div class=\"cz_sl_icon\"><i class=\"fa czico-010-expand mr10\"><\/i><\/div><div><span>25m2 + 15m2<\/span><\/div><\/li><\/ul><div class=\"\"><div class=\"cz_25309_p\"><a id=\"cz_25309\" class=\"cz_25309 cz_btn cz_btn_txt_no_fx cz_btn_no_fx cz_mobile_btn_center\" href=\"https:\/\/krkglamping.com\/hb_accommodation\/rosemary-lounge-tent\/\"><span><strong>Learn more<\/strong><\/span><b class=\"cz_btn_onhover\"><strong>Learn more<\/strong><\/b><\/a><\/div><\/div>[\/vc_column][vc_column]<div class=\"cz_gap clr  hide_on_tablet hide_on_mobile\" style=\"height: 75px\"><\/div><div class=\"cz_gap show_on_tablet clr  show_only_tablet\" style=\"height: 55px\"><\/div><div class=\"cz_gap show_on_mobile clr\" style=\"height: 35px\"><\/div>[\/vc_column][\/vc_row][vc_row][vc_column]<div class=\"cz_gap clr  hide_on_tablet hide_on_mobile\" style=\"height: 75px\"><\/div><div class=\"cz_gap show_on_tablet clr  show_only_tablet\" style=\"height: 55px\"><\/div><div class=\"cz_gap show_on_mobile clr\" style=\"height: 35px\"><\/div><div id=\"cz_83442\" class=\"cz_83442 cz_title clr cz_title_pos_center tac\"><div class=\"cz_title_content\"><div class=\"cz_wpe_content\"><h1 class=\"widget-heading\" style=\"text-align: center;\">Guest reviews<\/h1>\n<\/div><\/div><\/div>[\/vc_column][vc_column width=&#8220;1\/6&#8243;][\/vc_column][vc_column width=&#8220;2\/3&#8243;]<div id=\"cz_58643\" class=\"cz_58643 slick arrows_mlr no_dots overflow_visible is_center\" data-slick='{\"selector\":\"\",\"slidesToShow\":1,\"slidesToScroll\":1,\"rows\":1,\"fade\":false,\"vertical\":false,\"verticalSwiping\":false,\"infinite\":true,\"speed\":1000,\"swipeToSlide\":true,\"centerMode\":true,\"centerPadding\":\"\",\"variableWidth\":false,\"autoplay\":false,\"autoplaySpeed\":4000,\"dots\":true,\"counts\":false,\"adaptiveHeight\":false,\"responsive\":[{\"breakpoint\":769,\"settings\":{\"slidesToShow\":1,\"slidesToScroll\":1,\"touchMove\":true}},{\"breakpoint\":481,\"settings\":{\"slidesToShow\":1,\"slidesToScroll\":1,\"touchMove\":true}}]}' data-slick-prev=\"fa fa-chevron-left\" data-slick-next=\"fa fa-chevron-right\"><div id=\"cz_86870\" class=\"cz_86870 cz_testimonials cz_testimonials_s6\"><div class=\"cz_testimonials_content\"><div class=\"cz_testimonials_meta\"><div class=\"cz_testimonials_avatar\"><img decoding=\"async\" src=\"data:image\/svg+xml,%3Csvg%20xmlns%3D&#39;http%3A%2F%2Fwww.w3.org%2F2000%2Fsvg&#39;%20width=&#39;500&#39;%20height=&#39;500&#39;%20viewBox%3D&#39;0%200%20500%20500&#39;%2F%3E\" data-czlz data-src=\"https:\/\/xtratheme.com\/img\/80x80.jpg\" class=\"\" width=\"500\" height=\"500\" alt=\"image\" \/><\/div><div class=\"cz_testimonials_name_subname\"><div class=\"cz_testimonials_name\">Niels<\/div><div class=\"cz_testimonials_subname\">Nederland<\/div><\/div><\/div><div class=\"cz_wpe_content\"><p style=\"text-align: center;\"><span style=\"color: #000000;\">De tent is van alle gemakken voorzien. Naast het eigen zwembad ook een vaatwasser en airco! De tenten staan ver uit elkaar dus heb je ook veel privacy. Robert is een super goede gastheer met overal tips en hulp voor. Er is een mogelijkheid om te bbqen en bij aankomst staan er 2 koude biertjes in je koelkast! De glamping village is zeker een aanrader!<\/span><\/p>\n<\/div><\/div><\/div><div id=\"cz_49436\" class=\"cz_49436 cz_testimonials cz_testimonials_s6\"><div class=\"cz_testimonials_content\"><div class=\"cz_testimonials_meta\"><div class=\"cz_testimonials_avatar\"><img decoding=\"async\" src=\"data:image\/svg+xml,%3Csvg%20xmlns%3D&#39;http%3A%2F%2Fwww.w3.org%2F2000%2Fsvg&#39;%20width=&#39;500&#39;%20height=&#39;500&#39;%20viewBox%3D&#39;0%200%20500%20500&#39;%2F%3E\" data-czlz data-src=\"https:\/\/xtratheme.com\/img\/80x80.jpg\" class=\"\" width=\"500\" height=\"500\" alt=\"image\" \/><\/div><div class=\"cz_testimonials_name_subname\"><div class=\"cz_testimonials_name\">Christiane<\/div><div class=\"cz_testimonials_subname\">Deutschland<\/div><\/div><\/div><div class=\"cz_wpe_content\"><p style=\"text-align: center;\"><span style=\"color: #000000;\">Sehr tolles Zeltdorf, einwandfrei umgesetzt, himmlisch ruhig, mit ganz tollem Service. Vielen Dank, wir kommen sehr gerne wieder.<\/span><\/p>\n<\/div><\/div><\/div><div id=\"cz_110181\" class=\"cz_110181 cz_testimonials cz_testimonials_s6\"><div class=\"cz_testimonials_content\"><div class=\"cz_testimonials_meta\"><div class=\"cz_testimonials_avatar\"><img decoding=\"async\" src=\"data:image\/svg+xml,%3Csvg%20xmlns%3D&#39;http%3A%2F%2Fwww.w3.org%2F2000%2Fsvg&#39;%20width=&#39;500&#39;%20height=&#39;500&#39;%20viewBox%3D&#39;0%200%20500%20500&#39;%2F%3E\" data-czlz data-src=\"https:\/\/xtratheme.com\/img\/80x80.jpg\" class=\"\" width=\"500\" height=\"500\" alt=\"image\" \/><\/div><div class=\"cz_testimonials_name_subname\"><div class=\"cz_testimonials_name\">Paolo<\/div><div class=\"cz_testimonials_subname\">Italia<\/div><\/div><\/div><div class=\"cz_wpe_content\"><p style=\"text-align: center;\"><span style=\"color: #333333;\">Campeggio piccolo ma attrezzato e molto bello, servizi buoni e il titolare molto gentile e pronto a soddisfare tutte le richieste e le necessit\u00e0!! \u00c8 sicuramente un posto dove torner\u00f2\u2026.<\/span><\/p>\n<\/div><\/div><\/div><\/div><div><\/div>[\/vc_column][vc_column width=&#8220;1\/6&#8243;][\/vc_column][\/vc_row][vc_row][vc_column]<div class=\"cz_gap clr \" style=\"height: 100px\"><\/div>[\/vc_column][\/vc_row][vc_row][vc_column]<div id=\"cz_101267\" class=\"cz_101267 cz_title clr cz_title_pos_center tac\"><div class=\"cz_title_content\"><div class=\"cz_wpe_content\"><h1 class=\"widget-heading\" style=\"text-align: center;\">360 virtual tour<\/h1>\n<\/div><\/div><\/div>[\/vc_column][vc_column][vc_raw_html css=&#8220;&#8220;]JTNDaWZyYW1lJTIwaWQlM0QlMjJ2dF9pZnJhbWVfMjhkZDJjNzk1NWNlOTI2NDU2MjQwYjJmZjAxMDBiZGUlMjIlMjBhbGxvdyUzRCUyMmFjY2VsZXJvbWV0ZXIlM0IlMjBjYW1lcmElM0IlMjBkaXNwbGF5LWNhcHR1cmUlM0IlMjBmdWxsc2NyZWVuJTNCJTIwZ2VvbG9jYXRpb24lM0IlMjBneXJvc2NvcGUlM0IlMjBtYWduZXRvbWV0ZXIlM0IlMjBtaWNyb3Bob25lJTNCJTIwbWlkaSUzQiUyMHhyLXNwYXRpYWwtdHJhY2tpbmclM0IlMjIlMjB3aWR0aCUzRCUyMjEwMCUyNSUyMiUyMGhlaWdodCUzRCUyMjYwMHB4JTIyJTIwZnJhbWVib3JkZXIlM0QlMjIwJTIyJTIwc2Nyb2xsaW5nJTNEJTIybm8lMjIlMjBtYXJnaW5oZWlnaHQlM0QlMjIwJTIyJTIwbWFyZ2lud2lkdGglM0QlMjIwJTIyJTIwc3JjJTNEJTIyaHR0cHMlM0ElMkYlMkZ2aXJ0dWFsbmVzZXRuamUuZXUlMkZ2aWV3ZXIlMkZrcmtnbGFtcGluZyUyMiUzRSUzQyUyRmlmcmFtZSUzRQ==[\/vc_raw_html][\/vc_column][\/vc_row]<\/p>\n<\/div>","protected":false},"excerpt":{"rendered":"<p>[vc_row content_placement=&#8220;middle&#8220; el_class=&#8220;home_search_book&#8220;][vc_column el_class=&#8220;home_booking&#8220; css=&#8220;.vc_custom_1652958480296{margin-bottom: 0px !important;}&#8220;][vc_column_text css=&#8220;.vc_custom_1652958491902{margin-bottom: 0px !important;}&#8220;][\/vc_column_text][\/vc_column][\/vc_row][vc_row content_placement=&#8220;middle&#8220; &#8230; <\/p>\n","protected":false},"author":1,"featured_media":1071,"parent":0,"menu_order":0,"comment_status":"closed","ping_status":"closed","template":"","meta":{"inline_featured_image":false,"footnotes":""},"class_list":["post-772","page","type-page","status-publish","has-post-thumbnail","hentry"],"_links":{"self":[{"href":"https:\/\/krkglamping.com\/de\/wp-json\/wp\/v2\/pages\/772","targetHints":{"allow":["GET"]}}],"collection":[{"href":"https:\/\/krkglamping.com\/de\/wp-json\/wp\/v2\/pages"}],"about":[{"href":"https:\/\/krkglamping.com\/de\/wp-json\/wp\/v2\/types\/page"}],"author":[{"embeddable":true,"href":"https:\/\/krkglamping.com\/de\/wp-json\/wp\/v2\/users\/1"}],"replies":[{"embeddable":true,"href":"https:\/\/krkglamping.com\/de\/wp-json\/wp\/v2\/comments?post=772"}],"version-history":[{"count":1,"href":"https:\/\/krkglamping.com\/de\/wp-json\/wp\/v2\/pages\/772\/revisions"}],"predecessor-version":[{"id":776,"href":"https:\/\/krkglamping.com\/de\/wp-json\/wp\/v2\/pages\/772\/revisions\/776"}],"wp:featuredmedia":[{"embeddable":true,"href":"https:\/\/krkglamping.com\/de\/wp-json\/wp\/v2\/media\/1071"}],"wp:attachment":[{"href":"https:\/\/krkglamping.com\/de\/wp-json\/wp\/v2\/media?parent=772"}],"curies":[{"name":"wp","href":"https:\/\/api.w.org\/{rel}","templated":true}]}}