{"id":808,"date":"2022-05-19T09:50:08","date_gmt":"2022-05-19T07:50:08","guid":{"rendered":"https:\/\/krkglamping.com\/destination\/"},"modified":"2025-11-07T08:28:48","modified_gmt":"2025-11-07T07:28:48","slug":"destination","status":"publish","type":"page","link":"https:\/\/krkglamping.com\/de\/destination\/","title":{"rendered":"Destination"},"content":{"rendered":"<div class=\"wpb-content-wrapper\"><p>[vc_row equal_height=&#8220;yes&#8220; content_placement=&#8220;middle&#8220;][vc_column width=&#8220;1\/2&#8243; el_class=&#8220;acc_info&#8220;]<div id=\"cz_26329\" class=\"cz_26329 cz_title clr cz_title_pos_inline\"><div class=\"cz_title_shape shape_text cz_shape_1\">Destination<\/div><div class=\"cz_title_content\"><div class=\"cz_wpe_content\"><h2 class=\"widget-heading\">TOP THINGS TO DO ON THE ISLAND KRK!<\/h2>\n<\/div><\/div><\/div>[vc_column_text el_class=&#8220;icon_list&#8220;]<\/p>\n<ul>\n<li>Spend the day on one of the beautiful beaches<\/li>\n<li>Visit the old towns of Krk, Baska, Vrbnik, Omi\u0161alj and Dobrinj<\/li>\n<li>Visit the Island Ko\u0161ljun (Monastery and Museum) in front of Punat<\/li>\n<li>Get to Biserujka Cave<\/li>\n<li>Try the healing mud of Soline<\/li>\n<li>Visit Aquariums (Baska, Krk)<\/li>\n<li>See the sea with Semisubmarine<\/li>\n<li>Visit Krk cultural and historical heritage (Ba\u0161\u0107anska plo\u010da, Frankopan castle, Venetian city walls, Krk cathedral, etc.)<\/li>\n<\/ul>\n<p>[\/vc_column_text][\/vc_column][vc_column width=&#8220;1\/2&#8243;]<div id=\"cz_60771\" class=\"cz_60771 cz_image clr cz_image_no_fx center_on_mobile\"><div class=\"\" ><div class=\"cz_image_in\"><div class=\"cz_main_image\"><img decoding=\"async\" width=\"900\" height=\"516\" src=\"data:image\/svg+xml,%3Csvg%20xmlns%3D&#39;http%3A%2F%2Fwww.w3.org%2F2000%2Fsvg&#39;%20width=&#39;900&#39;%20height=&#39;516&#39;%20viewBox%3D&#39;0%200%20900%20516&#39;%2F%3E\" data-czlz data-src=\"https:\/\/krkglamping.com\/wp-content\/uploads\/2022\/05\/00golden-bay-beach-krk-dMVsJ-1.jpg\" class=\"attachment-full\" alt=\"\" title=\"00golden-bay-beach-krk-dMVsJ-1\" data-srcset=\"https:\/\/krkglamping.com\/wp-content\/uploads\/2022\/05\/00golden-bay-beach-krk-dMVsJ-1.jpg 900w, https:\/\/krkglamping.com\/wp-content\/uploads\/2022\/05\/00golden-bay-beach-krk-dMVsJ-1-300x172.jpg 300w, https:\/\/krkglamping.com\/wp-content\/uploads\/2022\/05\/00golden-bay-beach-krk-dMVsJ-1-768x440.jpg 768w, https:\/\/krkglamping.com\/wp-content\/uploads\/2022\/05\/00golden-bay-beach-krk-dMVsJ-1-600x344.jpg 600w\" data-sizes=\"(max-width: 900px) 100vw, 900px\" \/><\/div><\/div><\/div><\/div>[\/vc_column][\/vc_row][vc_row][vc_column]<div id=\"cz_103918\" class=\"cz_grid_p cz_103918\"><div class=\"cz_grid cz_grid_1 clr cz_masonry cz_grid_c4 cz_grid_1big cz_grid_1_no_title cz_grid_1_mid tac\"><div class=\"cz_grid_item cz_grid_first\"><\/div><div class=\"cz_grid_item \"><div><a class=\"cz_grid_link \" href=\"https:\/\/krkglamping.com\/wp-content\/uploads\/2022\/05\/slika2-2-1.jpg\" data-xtra-lightbox><img decoding=\"async\" width=\"316\" height=\"160\" src=\"data:image\/svg+xml,%3Csvg%20xmlns%3D&#39;http%3A%2F%2Fwww.w3.org%2F2000%2Fsvg&#39;%20width=&#39;316&#39;%20height=&#39;160&#39;%20viewBox%3D&#39;0%200%20316%20160&#39;%2F%3E\" data-czlz data-src=\"https:\/\/krkglamping.com\/wp-content\/uploads\/2022\/05\/slika2-2-1.jpg\" class=\"attachment-codevz_600_9999\" alt=\"\" title=\"slika2-2\" data-srcset=\"https:\/\/krkglamping.com\/wp-content\/uploads\/2022\/05\/slika2-2-1.jpg 316w, https:\/\/krkglamping.com\/wp-content\/uploads\/2022\/05\/slika2-2-1-300x152.jpg 300w\" data-sizes=\"(max-width: 316px) 100vw, 316px\" \/><div class=\"cz_grid_details\"><i class=\"fa fa-search cz_grid_icon\"><\/i><\/div><\/a><\/div><\/div><div class=\"cz_grid_item \"><div><a class=\"cz_grid_link \" href=\"https:\/\/krkglamping.com\/wp-content\/uploads\/2022\/05\/slika3-2-1.jpg\" data-xtra-lightbox><img decoding=\"async\" width=\"305\" height=\"165\" src=\"data:image\/svg+xml,%3Csvg%20xmlns%3D&#39;http%3A%2F%2Fwww.w3.org%2F2000%2Fsvg&#39;%20width=&#39;305&#39;%20height=&#39;165&#39;%20viewBox%3D&#39;0%200%20305%20165&#39;%2F%3E\" data-czlz data-src=\"https:\/\/krkglamping.com\/wp-content\/uploads\/2022\/05\/slika3-2-1.jpg\" class=\"attachment-codevz_600_9999\" alt=\"\" title=\"slika3-2\" data-srcset=\"https:\/\/krkglamping.com\/wp-content\/uploads\/2022\/05\/slika3-2-1.jpg 305w, https:\/\/krkglamping.com\/wp-content\/uploads\/2022\/05\/slika3-2-1-300x162.jpg 300w\" data-sizes=\"(max-width: 305px) 100vw, 305px\" \/><div class=\"cz_grid_details\"><i class=\"fa fa-search cz_grid_icon\"><\/i><\/div><\/a><\/div><\/div><div class=\"cz_grid_item \"><div><a class=\"cz_grid_link \" href=\"https:\/\/krkglamping.com\/wp-content\/uploads\/2022\/05\/slika4-2-1.jpg\" data-xtra-lightbox><img decoding=\"async\" width=\"287\" height=\"176\" src=\"data:image\/svg+xml,%3Csvg%20xmlns%3D&#39;http%3A%2F%2Fwww.w3.org%2F2000%2Fsvg&#39;%20width=&#39;287&#39;%20height=&#39;176&#39;%20viewBox%3D&#39;0%200%20287%20176&#39;%2F%3E\" data-czlz data-src=\"https:\/\/krkglamping.com\/wp-content\/uploads\/2022\/05\/slika4-2-1.jpg\" class=\"attachment-codevz_600_9999\" alt=\"\" title=\"slika4-2\" \/><div class=\"cz_grid_details\"><i class=\"fa fa-search cz_grid_icon\"><\/i><\/div><\/a><\/div><\/div><div class=\"cz_grid_item \"><div><a class=\"cz_grid_link \" href=\"https:\/\/krkglamping.com\/wp-content\/uploads\/2022\/05\/slika5-1.jpg\" data-xtra-lightbox><img decoding=\"async\" width=\"600\" height=\"399\" src=\"data:image\/svg+xml,%3Csvg%20xmlns%3D&#39;http%3A%2F%2Fwww.w3.org%2F2000%2Fsvg&#39;%20width=&#39;600&#39;%20height=&#39;399&#39;%20viewBox%3D&#39;0%200%20600%20399&#39;%2F%3E\" data-czlz data-src=\"https:\/\/krkglamping.com\/wp-content\/uploads\/2022\/05\/slika5-1-600x399.jpg\" class=\"attachment-codevz_600_9999\" alt=\"\" title=\"slika5-1\" data-srcset=\"https:\/\/krkglamping.com\/wp-content\/uploads\/2022\/05\/slika5-1-600x399.jpg 600w, https:\/\/krkglamping.com\/wp-content\/uploads\/2022\/05\/slika5-1-300x199.jpg 300w, https:\/\/krkglamping.com\/wp-content\/uploads\/2022\/05\/slika5-1-768x510.jpg 768w, https:\/\/krkglamping.com\/wp-content\/uploads\/2022\/05\/slika5-1.jpg 900w\" data-sizes=\"(max-width: 600px) 100vw, 600px\" \/><div class=\"cz_grid_details\"><i class=\"fa fa-search cz_grid_icon\"><\/i><\/div><\/a><\/div><\/div><div class=\"cz_grid_item \"><div><a class=\"cz_grid_link \" href=\"https:\/\/krkglamping.com\/wp-content\/uploads\/2022\/05\/slika6-2.jpg\" data-xtra-lightbox><img decoding=\"async\" width=\"365\" height=\"235\" src=\"data:image\/svg+xml,%3Csvg%20xmlns%3D&#39;http%3A%2F%2Fwww.w3.org%2F2000%2Fsvg&#39;%20width=&#39;365&#39;%20height=&#39;235&#39;%20viewBox%3D&#39;0%200%20365%20235&#39;%2F%3E\" data-czlz data-src=\"https:\/\/krkglamping.com\/wp-content\/uploads\/2022\/05\/slika6-2.jpg\" class=\"attachment-codevz_600_9999\" alt=\"\" title=\"slika6-2\" data-srcset=\"https:\/\/krkglamping.com\/wp-content\/uploads\/2022\/05\/slika6-2.jpg 365w, https:\/\/krkglamping.com\/wp-content\/uploads\/2022\/05\/slika6-2-300x193.jpg 300w\" data-sizes=\"(max-width: 365px) 100vw, 365px\" \/><div class=\"cz_grid_details\"><i class=\"fa fa-search cz_grid_icon\"><\/i><\/div><\/a><\/div><\/div><div class=\"cz_grid_item \"><div><a class=\"cz_grid_link \" href=\"https:\/\/krkglamping.com\/wp-content\/uploads\/2022\/05\/slika7-2.jpg\" data-xtra-lightbox><img decoding=\"async\" width=\"365\" height=\"235\" src=\"data:image\/svg+xml,%3Csvg%20xmlns%3D&#39;http%3A%2F%2Fwww.w3.org%2F2000%2Fsvg&#39;%20width=&#39;365&#39;%20height=&#39;235&#39;%20viewBox%3D&#39;0%200%20365%20235&#39;%2F%3E\" data-czlz data-src=\"https:\/\/krkglamping.com\/wp-content\/uploads\/2022\/05\/slika7-2.jpg\" class=\"attachment-codevz_600_9999\" alt=\"\" title=\"slika7-2\" data-srcset=\"https:\/\/krkglamping.com\/wp-content\/uploads\/2022\/05\/slika7-2.jpg 365w, https:\/\/krkglamping.com\/wp-content\/uploads\/2022\/05\/slika7-2-300x193.jpg 300w\" data-sizes=\"(max-width: 365px) 100vw, 365px\" \/><div class=\"cz_grid_details\"><i class=\"fa fa-search cz_grid_icon\"><\/i><\/div><\/a><\/div><\/div><div class=\"cz_grid_item \"><div><a class=\"cz_grid_link \" href=\"https:\/\/krkglamping.com\/wp-content\/uploads\/2022\/05\/slika8-2.jpg\" data-xtra-lightbox><img decoding=\"async\" width=\"276\" height=\"183\" src=\"data:image\/svg+xml,%3Csvg%20xmlns%3D&#39;http%3A%2F%2Fwww.w3.org%2F2000%2Fsvg&#39;%20width=&#39;276&#39;%20height=&#39;183&#39;%20viewBox%3D&#39;0%200%20276%20183&#39;%2F%3E\" data-czlz data-src=\"https:\/\/krkglamping.com\/wp-content\/uploads\/2022\/05\/slika8-2.jpg\" class=\"attachment-codevz_600_9999\" alt=\"\" title=\"slika8-2\" \/><div class=\"cz_grid_details\"><i class=\"fa fa-search cz_grid_icon\"><\/i><\/div><\/a><\/div><\/div><div class=\"cz_grid_item \"><div><a class=\"cz_grid_link \" href=\"https:\/\/krkglamping.com\/wp-content\/uploads\/2022\/05\/slika9-2.jpg\" data-xtra-lightbox><img decoding=\"async\" width=\"600\" height=\"450\" src=\"data:image\/svg+xml,%3Csvg%20xmlns%3D&#39;http%3A%2F%2Fwww.w3.org%2F2000%2Fsvg&#39;%20width=&#39;600&#39;%20height=&#39;450&#39;%20viewBox%3D&#39;0%200%20600%20450&#39;%2F%3E\" data-czlz data-src=\"https:\/\/krkglamping.com\/wp-content\/uploads\/2022\/05\/slika9-2-600x450.jpg\" class=\"attachment-codevz_600_9999\" alt=\"\" title=\"slika9-2\" data-srcset=\"https:\/\/krkglamping.com\/wp-content\/uploads\/2022\/05\/slika9-2-600x450.jpg 600w, https:\/\/krkglamping.com\/wp-content\/uploads\/2022\/05\/slika9-2-300x225.jpg 300w, https:\/\/krkglamping.com\/wp-content\/uploads\/2022\/05\/slika9-2-768x576.jpg 768w, https:\/\/krkglamping.com\/wp-content\/uploads\/2022\/05\/slika9-2.jpg 800w\" data-sizes=\"(max-width: 600px) 100vw, 600px\" \/><div class=\"cz_grid_details\"><i class=\"fa fa-search cz_grid_icon\"><\/i><\/div><\/a><\/div><\/div><div class=\"cz_grid_item \"><div><a class=\"cz_grid_link \" href=\"https:\/\/krkglamping.com\/wp-content\/uploads\/2022\/05\/slika10-2.jpg\" data-xtra-lightbox><img decoding=\"async\" width=\"600\" height=\"400\" src=\"data:image\/svg+xml,%3Csvg%20xmlns%3D&#39;http%3A%2F%2Fwww.w3.org%2F2000%2Fsvg&#39;%20width=&#39;600&#39;%20height=&#39;400&#39;%20viewBox%3D&#39;0%200%20600%20400&#39;%2F%3E\" data-czlz data-src=\"https:\/\/krkglamping.com\/wp-content\/uploads\/2022\/05\/slika10-2-600x400.jpg\" class=\"attachment-codevz_600_9999\" alt=\"\" title=\"slika10-2\" data-srcset=\"https:\/\/krkglamping.com\/wp-content\/uploads\/2022\/05\/slika10-2-600x400.jpg 600w, https:\/\/krkglamping.com\/wp-content\/uploads\/2022\/05\/slika10-2-300x200.jpg 300w, https:\/\/krkglamping.com\/wp-content\/uploads\/2022\/05\/slika10-2-768x512.jpg 768w, https:\/\/krkglamping.com\/wp-content\/uploads\/2022\/05\/slika10-2.jpg 800w\" data-sizes=\"(max-width: 600px) 100vw, 600px\" \/><div class=\"cz_grid_details\"><i class=\"fa fa-search cz_grid_icon\"><\/i><\/div><\/a><\/div><\/div><div class=\"cz_grid_item \"><div><a class=\"cz_grid_link \" href=\"https:\/\/krkglamping.com\/wp-content\/uploads\/2022\/05\/slika11-1.jpg\" data-xtra-lightbox><img decoding=\"async\" width=\"365\" height=\"235\" src=\"data:image\/svg+xml,%3Csvg%20xmlns%3D&#39;http%3A%2F%2Fwww.w3.org%2F2000%2Fsvg&#39;%20width=&#39;365&#39;%20height=&#39;235&#39;%20viewBox%3D&#39;0%200%20365%20235&#39;%2F%3E\" data-czlz data-src=\"https:\/\/krkglamping.com\/wp-content\/uploads\/2022\/05\/slika11-1.jpg\" class=\"attachment-codevz_600_9999\" alt=\"\" title=\"slika11-1\" data-srcset=\"https:\/\/krkglamping.com\/wp-content\/uploads\/2022\/05\/slika11-1.jpg 365w, https:\/\/krkglamping.com\/wp-content\/uploads\/2022\/05\/slika11-1-300x193.jpg 300w\" data-sizes=\"(max-width: 365px) 100vw, 365px\" \/><div class=\"cz_grid_details\"><i class=\"fa fa-search cz_grid_icon\"><\/i><\/div><\/a><\/div><\/div><div class=\"cz_grid_item \"><div><a class=\"cz_grid_link \" href=\"https:\/\/krkglamping.com\/wp-content\/uploads\/2022\/05\/slika12-2.jpg\" data-xtra-lightbox><img decoding=\"async\" width=\"365\" height=\"235\" src=\"data:image\/svg+xml,%3Csvg%20xmlns%3D&#39;http%3A%2F%2Fwww.w3.org%2F2000%2Fsvg&#39;%20width=&#39;365&#39;%20height=&#39;235&#39;%20viewBox%3D&#39;0%200%20365%20235&#39;%2F%3E\" data-czlz data-src=\"https:\/\/krkglamping.com\/wp-content\/uploads\/2022\/05\/slika12-2.jpg\" class=\"attachment-codevz_600_9999\" alt=\"\" title=\"slika12-2\" data-srcset=\"https:\/\/krkglamping.com\/wp-content\/uploads\/2022\/05\/slika12-2.jpg 365w, https:\/\/krkglamping.com\/wp-content\/uploads\/2022\/05\/slika12-2-300x193.jpg 300w\" data-sizes=\"(max-width: 365px) 100vw, 365px\" \/><div class=\"cz_grid_details\"><i class=\"fa fa-search cz_grid_icon\"><\/i><\/div><\/a><\/div><\/div><div class=\"cz_grid_item \"><div><a class=\"cz_grid_link \" href=\"https:\/\/krkglamping.com\/wp-content\/uploads\/2022\/05\/slika13.jpg\" data-xtra-lightbox><img decoding=\"async\" width=\"365\" height=\"235\" src=\"data:image\/svg+xml,%3Csvg%20xmlns%3D&#39;http%3A%2F%2Fwww.w3.org%2F2000%2Fsvg&#39;%20width=&#39;365&#39;%20height=&#39;235&#39;%20viewBox%3D&#39;0%200%20365%20235&#39;%2F%3E\" data-czlz data-src=\"https:\/\/krkglamping.com\/wp-content\/uploads\/2022\/05\/slika13.jpg\" class=\"attachment-codevz_600_9999\" alt=\"\" title=\"slika13\" data-srcset=\"https:\/\/krkglamping.com\/wp-content\/uploads\/2022\/05\/slika13.jpg 365w, https:\/\/krkglamping.com\/wp-content\/uploads\/2022\/05\/slika13-300x193.jpg 300w\" data-sizes=\"(max-width: 365px) 100vw, 365px\" \/><div class=\"cz_grid_details\"><i class=\"fa fa-search cz_grid_icon\"><\/i><\/div><\/a><\/div><\/div><div class=\"cz_grid_item \"><div><a class=\"cz_grid_link \" href=\"https:\/\/krkglamping.com\/wp-content\/uploads\/2022\/05\/slika14.jpg\" data-xtra-lightbox><img decoding=\"async\" width=\"365\" height=\"235\" src=\"data:image\/svg+xml,%3Csvg%20xmlns%3D&#39;http%3A%2F%2Fwww.w3.org%2F2000%2Fsvg&#39;%20width=&#39;365&#39;%20height=&#39;235&#39;%20viewBox%3D&#39;0%200%20365%20235&#39;%2F%3E\" data-czlz data-src=\"https:\/\/krkglamping.com\/wp-content\/uploads\/2022\/05\/slika14.jpg\" class=\"attachment-codevz_600_9999\" alt=\"\" title=\"slika14\" data-srcset=\"https:\/\/krkglamping.com\/wp-content\/uploads\/2022\/05\/slika14.jpg 365w, https:\/\/krkglamping.com\/wp-content\/uploads\/2022\/05\/slika14-300x193.jpg 300w\" data-sizes=\"(max-width: 365px) 100vw, 365px\" \/><div class=\"cz_grid_details\"><i class=\"fa fa-search cz_grid_icon\"><\/i><\/div><\/a><\/div><\/div><div class=\"cz_grid_item \"><div><a class=\"cz_grid_link \" href=\"https:\/\/krkglamping.com\/wp-content\/uploads\/2022\/05\/slika15-1.jpg\" data-xtra-lightbox><img decoding=\"async\" width=\"600\" height=\"360\" src=\"data:image\/svg+xml,%3Csvg%20xmlns%3D&#39;http%3A%2F%2Fwww.w3.org%2F2000%2Fsvg&#39;%20width=&#39;600&#39;%20height=&#39;360&#39;%20viewBox%3D&#39;0%200%20600%20360&#39;%2F%3E\" data-czlz data-src=\"https:\/\/krkglamping.com\/wp-content\/uploads\/2022\/05\/slika15-1-600x360.jpg\" class=\"attachment-codevz_600_9999\" alt=\"\" title=\"slika15-1\" data-srcset=\"https:\/\/krkglamping.com\/wp-content\/uploads\/2022\/05\/slika15-1-600x360.jpg 600w, https:\/\/krkglamping.com\/wp-content\/uploads\/2022\/05\/slika15-1-300x180.jpg 300w, https:\/\/krkglamping.com\/wp-content\/uploads\/2022\/05\/slika15-1-768x461.jpg 768w, https:\/\/krkglamping.com\/wp-content\/uploads\/2022\/05\/slika15-1.jpg 1024w\" data-sizes=\"(max-width: 600px) 100vw, 600px\" \/><div class=\"cz_grid_details\"><i class=\"fa fa-search cz_grid_icon\"><\/i><\/div><\/a><\/div><\/div><\/div><\/div>[\/vc_column][\/vc_row]<\/p>\n<\/div>","protected":false},"excerpt":{"rendered":"<p>[vc_row equal_height=&#8220;yes&#8220; content_placement=&#8220;middle&#8220;][vc_column width=&#8220;1\/2&#8243; el_class=&#8220;acc_info&#8220;][vc_column_text el_class=&#8220;icon_list&#8220;] Spend the day on one &#8230; <\/p>\n","protected":false},"author":1,"featured_media":0,"parent":0,"menu_order":0,"comment_status":"closed","ping_status":"closed","template":"","meta":{"inline_featured_image":false,"footnotes":""},"class_list":["post-808","page","type-page","status-publish","hentry"],"_links":{"self":[{"href":"https:\/\/krkglamping.com\/de\/wp-json\/wp\/v2\/pages\/808","targetHints":{"allow":["GET"]}}],"collection":[{"href":"https:\/\/krkglamping.com\/de\/wp-json\/wp\/v2\/pages"}],"about":[{"href":"https:\/\/krkglamping.com\/de\/wp-json\/wp\/v2\/types\/page"}],"author":[{"embeddable":true,"href":"https:\/\/krkglamping.com\/de\/wp-json\/wp\/v2\/users\/1"}],"replies":[{"embeddable":true,"href":"https:\/\/krkglamping.com\/de\/wp-json\/wp\/v2\/comments?post=808"}],"version-history":[{"count":1,"href":"https:\/\/krkglamping.com\/de\/wp-json\/wp\/v2\/pages\/808\/revisions"}],"predecessor-version":[{"id":812,"href":"https:\/\/krkglamping.com\/de\/wp-json\/wp\/v2\/pages\/808\/revisions\/812"}],"wp:attachment":[{"href":"https:\/\/krkglamping.com\/de\/wp-json\/wp\/v2\/media?parent=808"}],"curies":[{"name":"wp","href":"https:\/\/api.w.org\/{rel}","templated":true}]}}